{"id":8461,"date":"2018-07-23T12:53:07","date_gmt":"2018-07-23T10:53:07","guid":{"rendered":"http:\/\/www.salesianos.edu\/revistasmx\/?page_id=8461"},"modified":"2021-10-18T13:16:12","modified_gmt":"2021-10-18T11:16:12","slug":"imagen-historica","status":"publish","type":"page","link":"https:\/\/www.salesianos.edu\/revistasmx\/imagen-historica\/","title":{"rendered":"Imagen hist\u00f3rica"},"content":{"rendered":"<div id=\"fb-root\"><\/div>\n<p>[et_pb_section fb_built=\u00bb1&#8243; fullwidth=\u00bbon\u00bb _builder_version=\u00bb4.11.3&#8243; hover_enabled=\u00bb0&#8243; global_colors_info=\u00bb{}\u00bb bottom_divider_style=\u00bbwaves2&#8243; bottom_divider_color=\u00bb#51626F\u00bb bottom_divider_height=\u00bb31px\u00bb sticky_enabled=\u00bb0&#8243; custom_padding=\u00bb||||false|false\u00bb custom_margin=\u00bb||||false|false\u00bb][et_pb_fullwidth_header title=\u00bbImagen hist\u00f3rica\u00bb module_class=\u00bbpagina-imagen-cabecera\u00bb _builder_version=\u00bb4.11.3&#8243; title_text_align=\u00bbright\u00bb title_text_color=\u00bb#ffffff\u00bb background_color=\u00bb#DC001B\u00bb background_image=\u00bbhttp:\/\/www.salesianos.edu\/revistasmx\/wp-content\/uploads\/sites\/8\/2020\/05\/IMAGENFONDOWEBREVISTA.jpg\u00bb background_position=\u00bbcenter_right\u00bb background_layout=\u00bblight\u00bb min_height=\u00bb260px\u00bb custom_padding=\u00bb75px||0px||false|false\u00bb hover_enabled=\u00bb0&#8243; global_colors_info=\u00bb{}\u00bb button_one_text_size__hover_enabled=\u00bboff\u00bb button_two_text_size__hover_enabled=\u00bboff\u00bb button_one_text_color__hover_enabled=\u00bboff\u00bb button_two_text_color__hover_enabled=\u00bboff\u00bb button_one_border_width__hover_enabled=\u00bboff\u00bb button_two_border_width__hover_enabled=\u00bboff\u00bb button_one_border_color__hover_enabled=\u00bboff\u00bb button_two_border_color__hover_enabled=\u00bboff\u00bb button_one_border_radius__hover_enabled=\u00bboff\u00bb button_two_border_radius__hover_enabled=\u00bboff\u00bb button_one_letter_spacing__hover_enabled=\u00bboff\u00bb button_two_letter_spacing__hover_enabled=\u00bboff\u00bb button_one_bg_color__hover_enabled=\u00bboff\u00bb button_two_bg_color__hover_enabled=\u00bboff\u00bb title_text=\u00bbIMAGENFONDOWEBREVISTA\u00bb background_blend=\u00bbcolor-burn\u00bb sticky_enabled=\u00bb0&#8243; custom_margin=\u00bb||0px||false|false\u00bb][\/et_pb_fullwidth_header][\/et_pb_section][et_pb_section fb_built=\u00bb1&#8243; _builder_version=\u00bb4.11.3&#8243; _module_preset=\u00bbdefault\u00bb use_background_color_gradient=\u00bbon\u00bb background_color_gradient_start=\u00bb#51626f\u00bb background_color_gradient_end=\u00bb#315370&#8243; background_enable_image=\u00bboff\u00bb background_size=\u00bbinitial\u00bb background_repeat=\u00bbrepeat\u00bb background_blend=\u00bbsoft-light\u00bb global_colors_info=\u00bb{}\u00bb][et_pb_row _builder_version=\u00bb4.11.3&#8243; _module_preset=\u00bbdefault\u00bb border_radii=\u00bbon|20px|20px|20px|20px\u00bb global_colors_info=\u00bb{}\u00bb][et_pb_column type=\u00bb4_4&#8243; _builder_version=\u00bb4.11.3&#8243; _module_preset=\u00bbdefault\u00bb global_colors_info=\u00bb{}\u00bb][et_pb_post_slider posts_number=\u00bb1&#8243; include_categories=\u00bb40&#8243; show_meta=\u00bboff\u00bb _builder_version=\u00bb4.11.3&#8243; _module_preset=\u00bbdefault\u00bb custom_button=\u00bbon\u00bb button_text_color=\u00bb#FFFFFF\u00bb button_bg_color=\u00bb#DC001B\u00bb button_border_color=\u00bbRGBA(0,0,0,0)\u00bb button_alignment=\u00bbcenter\u00bb hover_enabled=\u00bb0&#8243; border_radii=\u00bbon|20px|20px|20px|20px\u00bb border_width_all=\u00bb5px\u00bb border_color_all=\u00bb#51626F\u00bb box_shadow_style_button=\u00bbpreset1&#8243; global_colors_info=\u00bb{}\u00bb sticky_enabled=\u00bb0&#8243;][\/et_pb_post_slider][\/et_pb_column][\/et_pb_row][\/et_pb_section][et_pb_section fb_built=\u00bb1&#8243; _builder_version=\u00bb3.22&#8243; global_colors_info=\u00bb{}\u00bb][et_pb_row disabled_on=\u00bbon||\u00bb _builder_version=\u00bb3.25&#8243; global_colors_info=\u00bb{}\u00bb][et_pb_column type=\u00bb4_4&#8243; _builder_version=\u00bb3.25&#8243; custom_padding=\u00bb|||\u00bb global_colors_info=\u00bb{}\u00bb custom_padding__hover=\u00bb|||\u00bb][et_pb_text disabled_on=\u00bbon||\u00bb _builder_version=\u00bb3.27.4&#8243; text_font=\u00bbLato|700|||||||\u00bb text_text_color=\u00bb#b3343b\u00bb text_font_size=\u00bb18px\u00bb global_colors_info=\u00bb{}\u00bb]En n\u00fameros anteriores<br \/>\n[\/et_pb_text][et_pb_blog fullwidth=\u00bboff\u00bb posts_number=\u00bb9&#8243; include_categories=\u00bb40&#8243; show_author=\u00bboff\u00bb offset_number=\u00bb1&#8243; _builder_version=\u00bb3.13.1&#8243; text_orientation=\u00bbjustified\u00bb global_colors_info=\u00bb{}\u00bb module_class=\u00bbsensei-grid\u00bb header_font_size=\u00bb22px\u00bb border_radii=\u00bbon|26px|26px|26px|26px\u00bb box_shadow_style=\u00bbpreset2&#8243; box_shadow_horizontal=\u00bb-3px\u00bb box_shadow_vertical=\u00bb1px\u00bb box_shadow_blur=\u00bb11px\u00bb][\/et_pb_blog][\/et_pb_column][\/et_pb_row][et_pb_row disabled_on=\u00bb|on|on\u00bb _builder_version=\u00bb3.25&#8243; global_colors_info=\u00bb{}\u00bb][et_pb_column type=\u00bb4_4&#8243; _builder_version=\u00bb3.25&#8243; custom_padding=\u00bb|||\u00bb global_colors_info=\u00bb{}\u00bb custom_padding__hover=\u00bb|||\u00bb][et_pb_blog fullwidth=\u00bboff\u00bb posts_number=\u00bb9&#8243; include_categories=\u00bb40&#8243; show_author=\u00bboff\u00bb admin_label=\u00bbMovil (Blog)\u00bb _builder_version=\u00bb3.13.1&#8243; text_orientation=\u00bbjustified\u00bb global_colors_info=\u00bb{}\u00bb][\/et_pb_blog][\/et_pb_column][\/et_pb_row][\/et_pb_section]<\/p>\n","protected":false},"excerpt":{"rendered":"<p>En n\u00fameros anteriores<\/p>\n","protected":false},"author":2,"featured_media":0,"parent":0,"menu_order":0,"comment_status":"closed","ping_status":"closed","template":"","meta":{"_et_pb_use_builder":"on","_et_pb_old_content":"","_et_gb_content_width":"","footnotes":""},"class_list":["post-8461","page","type-page","status-publish","hentry"],"yoast_head":"<!-- This site is optimized with the Yoast SEO plugin v27.5 - https:\/\/yoast.com\/product\/yoast-seo-wordpress\/ -->\n<title>Imagen hist\u00f3rica - Revista SMX<\/title>\n<meta name=\"robots\" content=\"index, follow, max-snippet:-1, max-image-preview:large, max-video-preview:-1\" \/>\n<link rel=\"canonical\" href=\"https:\/\/www.salesianos.edu\/revistasmx\/imagen-historica\/\" \/>\n<meta property=\"og:locale\" content=\"es_ES\" \/>\n<meta property=\"og:type\" content=\"article\" \/>\n<meta property=\"og:title\" content=\"Imagen hist\u00f3rica - Revista SMX\" \/>\n<meta property=\"og:description\" content=\"Titulo p\u00e1ginas Subtitulo 1 Lorem Ipsum es simplemente el texto de relleno de las imprentas y archivos de texto. Lorem Ipsum ha sido el texto de relleno est\u00e1ndar de las industrias desde el a\u00f1o 1500, cuando un impresor (N. del T. persona que se dedica a la imprenta) desconocido us\u00f3 una galer\u00eda de textos y [&hellip;]\" \/>\n<meta property=\"og:url\" content=\"https:\/\/www.salesianos.edu\/revistasmx\/imagen-historica\/\" \/>\n<meta property=\"og:site_name\" content=\"Revista SMX\" \/>\n<meta property=\"article:modified_time\" content=\"2021-10-18T11:16:12+00:00\" \/>\n<meta name=\"twitter:card\" content=\"summary_large_image\" \/>\n<meta name=\"twitter:label1\" content=\"Tiempo de lectura\" \/>\n\t<meta name=\"twitter:data1\" content=\"3 minutos\" \/>\n<script type=\"application\/ld+json\" class=\"yoast-schema-graph\">{\"@context\":\"https:\\\/\\\/schema.org\",\"@graph\":[{\"@type\":\"WebPage\",\"@id\":\"https:\\\/\\\/www.salesianos.edu\\\/revistasmx\\\/imagen-historica\\\/\",\"url\":\"https:\\\/\\\/www.salesianos.edu\\\/revistasmx\\\/imagen-historica\\\/\",\"name\":\"Imagen hist\u00f3rica - Revista SMX\",\"isPartOf\":{\"@id\":\"https:\\\/\\\/www.salesianos.edu\\\/revistasmx\\\/#website\"},\"datePublished\":\"2018-07-23T10:53:07+00:00\",\"dateModified\":\"2021-10-18T11:16:12+00:00\",\"breadcrumb\":{\"@id\":\"https:\\\/\\\/www.salesianos.edu\\\/revistasmx\\\/imagen-historica\\\/#breadcrumb\"},\"inLanguage\":\"es\",\"potentialAction\":[{\"@type\":\"ReadAction\",\"target\":[\"https:\\\/\\\/www.salesianos.edu\\\/revistasmx\\\/imagen-historica\\\/\"]}]},{\"@type\":\"BreadcrumbList\",\"@id\":\"https:\\\/\\\/www.salesianos.edu\\\/revistasmx\\\/imagen-historica\\\/#breadcrumb\",\"itemListElement\":[{\"@type\":\"ListItem\",\"position\":1,\"name\":\"Portada\",\"item\":\"https:\\\/\\\/www.salesianos.edu\\\/revistasmx\\\/\"},{\"@type\":\"ListItem\",\"position\":2,\"name\":\"Imagen hist\u00f3rica\"}]},{\"@type\":\"WebSite\",\"@id\":\"https:\\\/\\\/www.salesianos.edu\\\/revistasmx\\\/#website\",\"url\":\"https:\\\/\\\/www.salesianos.edu\\\/revistasmx\\\/\",\"name\":\"Revista SMX\",\"description\":\"P\u00e1gina oficial de Inspector\u00eda Salesiana Mar\u00eda Auxiliadora\",\"potentialAction\":[{\"@type\":\"SearchAction\",\"target\":{\"@type\":\"EntryPoint\",\"urlTemplate\":\"https:\\\/\\\/www.salesianos.edu\\\/revistasmx\\\/?s={search_term_string}\"},\"query-input\":{\"@type\":\"PropertyValueSpecification\",\"valueRequired\":true,\"valueName\":\"search_term_string\"}}],\"inLanguage\":\"es\"}]}<\/script>\n<!-- \/ Yoast SEO plugin. -->","yoast_head_json":{"title":"Imagen hist\u00f3rica - Revista SMX","robots":{"index":"index","follow":"follow","max-snippet":"max-snippet:-1","max-image-preview":"max-image-preview:large","max-video-preview":"max-video-preview:-1"},"canonical":"https:\/\/www.salesianos.edu\/revistasmx\/imagen-historica\/","og_locale":"es_ES","og_type":"article","og_title":"Imagen hist\u00f3rica - Revista SMX","og_description":"Titulo p\u00e1ginas Subtitulo 1 Lorem Ipsum es simplemente el texto de relleno de las imprentas y archivos de texto. Lorem Ipsum ha sido el texto de relleno est\u00e1ndar de las industrias desde el a\u00f1o 1500, cuando un impresor (N. del T. persona que se dedica a la imprenta) desconocido us\u00f3 una galer\u00eda de textos y [&hellip;]","og_url":"https:\/\/www.salesianos.edu\/revistasmx\/imagen-historica\/","og_site_name":"Revista SMX","article_modified_time":"2021-10-18T11:16:12+00:00","twitter_card":"summary_large_image","twitter_misc":{"Tiempo de lectura":"3 minutos"},"schema":{"@context":"https:\/\/schema.org","@graph":[{"@type":"WebPage","@id":"https:\/\/www.salesianos.edu\/revistasmx\/imagen-historica\/","url":"https:\/\/www.salesianos.edu\/revistasmx\/imagen-historica\/","name":"Imagen hist\u00f3rica - Revista SMX","isPartOf":{"@id":"https:\/\/www.salesianos.edu\/revistasmx\/#website"},"datePublished":"2018-07-23T10:53:07+00:00","dateModified":"2021-10-18T11:16:12+00:00","breadcrumb":{"@id":"https:\/\/www.salesianos.edu\/revistasmx\/imagen-historica\/#breadcrumb"},"inLanguage":"es","potentialAction":[{"@type":"ReadAction","target":["https:\/\/www.salesianos.edu\/revistasmx\/imagen-historica\/"]}]},{"@type":"BreadcrumbList","@id":"https:\/\/www.salesianos.edu\/revistasmx\/imagen-historica\/#breadcrumb","itemListElement":[{"@type":"ListItem","position":1,"name":"Portada","item":"https:\/\/www.salesianos.edu\/revistasmx\/"},{"@type":"ListItem","position":2,"name":"Imagen hist\u00f3rica"}]},{"@type":"WebSite","@id":"https:\/\/www.salesianos.edu\/revistasmx\/#website","url":"https:\/\/www.salesianos.edu\/revistasmx\/","name":"Revista SMX","description":"P\u00e1gina oficial de Inspector\u00eda Salesiana Mar\u00eda Auxiliadora","potentialAction":[{"@type":"SearchAction","target":{"@type":"EntryPoint","urlTemplate":"https:\/\/www.salesianos.edu\/revistasmx\/?s={search_term_string}"},"query-input":{"@type":"PropertyValueSpecification","valueRequired":true,"valueName":"search_term_string"}}],"inLanguage":"es"}]}},"_links":{"self":[{"href":"https:\/\/www.salesianos.edu\/revistasmx\/wp-json\/wp\/v2\/pages\/8461","targetHints":{"allow":["GET"]}}],"collection":[{"href":"https:\/\/www.salesianos.edu\/revistasmx\/wp-json\/wp\/v2\/pages"}],"about":[{"href":"https:\/\/www.salesianos.edu\/revistasmx\/wp-json\/wp\/v2\/types\/page"}],"author":[{"embeddable":true,"href":"https:\/\/www.salesianos.edu\/revistasmx\/wp-json\/wp\/v2\/users\/2"}],"replies":[{"embeddable":true,"href":"https:\/\/www.salesianos.edu\/revistasmx\/wp-json\/wp\/v2\/comments?post=8461"}],"version-history":[{"count":8,"href":"https:\/\/www.salesianos.edu\/revistasmx\/wp-json\/wp\/v2\/pages\/8461\/revisions"}],"predecessor-version":[{"id":18156,"href":"https:\/\/www.salesianos.edu\/revistasmx\/wp-json\/wp\/v2\/pages\/8461\/revisions\/18156"}],"wp:attachment":[{"href":"https:\/\/www.salesianos.edu\/revistasmx\/wp-json\/wp\/v2\/media?parent=8461"}],"curies":[{"name":"wp","href":"https:\/\/api.w.org\/{rel}","templated":true}]}}