{"id":10073,"date":"2018-11-28T15:38:42","date_gmt":"2018-11-28T14:38:42","guid":{"rendered":"http:\/\/www.salesianos.edu\/revistasmx\/?page_id=10073"},"modified":"2019-01-28T16:19:18","modified_gmt":"2019-01-28T15:19:18","slug":"santoral-salesianos-diciembre","status":"publish","type":"page","link":"https:\/\/www.salesianos.edu\/revistasmx\/santoral-salesianos-diciembre\/","title":{"rendered":"Santoral Salesianos \u2013 Diciembre"},"content":{"rendered":"<div id=\"fb-root\"><\/div>\n<p>[et_pb_section bb_built=\u00bb1&#8243; fullwidth=\u00bbon\u00bb specialty=\u00bboff\u00bb next_background_color=\u00bb#000000&#8243;][et_pb_fullwidth_header _builder_version=\u00bb3.13.1&#8243; title=\u00bbSantoral Salesiano\u00bb background_image=\u00bbhttps:\/\/www.salesianos.edu\/revistasmx\/wp-content\/uploads\/sites\/8\/2018\/10\/SMX_Cabeceras_web_gris.jpg\u00bb module_class=\u00bbpagina-imagen-cabecera\u00bb background_position=\u00bbtop_left\u00bb background_repeat=\u00bbrepeat\u00bb background_size=\u00bbinitial\u00bb button_one_text_size__hover_enabled=\u00bboff\u00bb button_one_text_size__hover=\u00bbnull\u00bb button_two_text_size__hover_enabled=\u00bboff\u00bb button_two_text_size__hover=\u00bbnull\u00bb button_one_text_color__hover_enabled=\u00bboff\u00bb button_one_text_color__hover=\u00bbnull\u00bb button_two_text_color__hover_enabled=\u00bboff\u00bb button_two_text_color__hover=\u00bbnull\u00bb button_one_border_width__hover_enabled=\u00bboff\u00bb button_one_border_width__hover=\u00bbnull\u00bb button_two_border_width__hover_enabled=\u00bboff\u00bb button_two_border_width__hover=\u00bbnull\u00bb button_one_border_color__hover_enabled=\u00bboff\u00bb button_one_border_color__hover=\u00bbnull\u00bb button_two_border_color__hover_enabled=\u00bboff\u00bb button_two_border_color__hover=\u00bbnull\u00bb button_one_border_radius__hover_enabled=\u00bboff\u00bb button_one_border_radius__hover=\u00bbnull\u00bb button_two_border_radius__hover_enabled=\u00bboff\u00bb button_two_border_radius__hover=\u00bbnull\u00bb button_one_letter_spacing__hover_enabled=\u00bboff\u00bb button_one_letter_spacing__hover=\u00bbnull\u00bb button_two_letter_spacing__hover_enabled=\u00bboff\u00bb button_two_letter_spacing__hover=\u00bbnull\u00bb button_one_bg_color__hover_enabled=\u00bboff\u00bb button_one_bg_color__hover=\u00bbnull\u00bb button_two_bg_color__hover_enabled=\u00bboff\u00bb button_two_bg_color__hover=\u00bbnull\u00bb \/][\/et_pb_section][et_pb_section bb_built=\u00bb1&#8243; fullwidth=\u00bboff\u00bb specialty=\u00bboff\u00bb prev_background_color=\u00bb#000000&#8243;][et_pb_row][et_pb_column type=\u00bb4_4&#8243;][et_pb_text _builder_version=\u00bb3.13.1&#8243; header_font_size=\u00bb28px\u00bb]<\/p>\n<h1 style=\"text-align: right;\">Diciembre<\/h1>\n<p>[\/et_pb_text][\/et_pb_column][\/et_pb_row][et_pb_row][et_pb_column type=\u00bb1_5&#8243;][et_pb_blurb admin_label=\u00bb2 DIC (Anuncio)\u00bb _builder_version=\u00bb3.13.1&#8243; title=\u00bb2&#8243; use_icon=\u00bbon\u00bb font_icon=\u00bb%%128%%\u00bb icon_placement=\u00bbleft\u00bb header_text_align=\u00bbcenter\u00bb icon_font_size=\u00bb98px\u00bb text_orientation=\u00bbcenter\u00bb header_font_size=\u00bb24&#8243;]<\/p>\n<p>\nDIC<\/p>\n<p>[\/et_pb_blurb][\/et_pb_column][et_pb_column type=\u00bb3_5&#8243;][et_pb_text _builder_version=\u00bb3.13.1&#8243;]<\/p>\n<h3>Primer domingo de Adviento. Comienzo del a\u00f1o lit\u00fargico. Ciclo A.<\/h3>\n<p>[\/et_pb_text][\/et_pb_column][et_pb_column type=\u00bb1_5&#8243;][\/et_pb_column][\/et_pb_row][et_pb_row _builder_version=\u00bb3.13.1&#8243; custom_margin=\u00bb-30px|||\u00bb][et_pb_column type=\u00bb4_4&#8243;][et_pb_divider _builder_version=\u00bb3.13.1&#8243; height=\u00bb1px\u00bb divider_position=\u00bbcenter\u00bb \/][\/et_pb_column][\/et_pb_row][et_pb_row][et_pb_column type=\u00bb1_5&#8243;][et_pb_blurb admin_label=\u00bb5 DIC (Anuncio)\u00bb _builder_version=\u00bb3.13.1&#8243; title=\u00bb5&#8243; use_icon=\u00bbon\u00bb font_icon=\u00bb%%128%%\u00bb icon_placement=\u00bbleft\u00bb header_text_align=\u00bbcenter\u00bb icon_font_size=\u00bb98px\u00bb header_font_size=\u00bb24&#8243;]<\/p>\n<p>\nDIC<\/p>\n<p>[\/et_pb_blurb][\/et_pb_column][et_pb_column type=\u00bb3_5&#8243;][et_pb_text _builder_version=\u00bb3.13.1&#8243;]<\/p>\n<h3>Beato Felipe Rinaldi, sacerdote y fundador del Instituto secular de las Voluntarias de Don Bosco.<\/h3>\n<p>[\/et_pb_text][\/et_pb_column][et_pb_column type=\u00bb1_5&#8243;][et_pb_image _builder_version=\u00bb3.13.1&#8243; src=\u00bbhttps:\/\/www.salesianos.edu\/revistasmx\/wp-content\/uploads\/sites\/8\/2018\/11\/felipe_rinaldi.jpg\u00bb url=\u00bbhttp:\/\/www.sdb.org\/es\/santita-salesiana\/172-beatos\/643-rinaldi-filippo\u00bb url_new_window=\u00bbon\u00bb \/][\/et_pb_column][\/et_pb_row][et_pb_row _builder_version=\u00bb3.13.1&#8243; custom_margin=\u00bb-30px|||\u00bb][et_pb_column type=\u00bb4_4&#8243;][et_pb_divider _builder_version=\u00bb3.13.1&#8243; height=\u00bb1px\u00bb divider_position=\u00bbcenter\u00bb \/][\/et_pb_column][\/et_pb_row][et_pb_row][et_pb_column type=\u00bb1_5&#8243;][et_pb_blurb admin_label=\u00bb8 DIC (Anuncio)\u00bb _builder_version=\u00bb3.13.1&#8243; title=\u00bb8&#8243; use_icon=\u00bbon\u00bb font_icon=\u00bb%%128%%\u00bb icon_placement=\u00bbleft\u00bb header_text_align=\u00bbcenter\u00bb icon_font_size=\u00bb98px\u00bb header_font_size=\u00bb24&#8243;]<\/p>\n<p>\nDIC<\/p>\n<p>[\/et_pb_blurb][\/et_pb_column][et_pb_column type=\u00bb3_5&#8243;][et_pb_text _builder_version=\u00bb3.13.1&#8243;]<\/p>\n<h3>Solemnidad de la Inmaculada Concepci\u00f3n de Mar\u00eda.<\/h3>\n<p>[\/et_pb_text][\/et_pb_column][et_pb_column type=\u00bb1_5&#8243;][\/et_pb_column][\/et_pb_row][et_pb_row _builder_version=\u00bb3.13.1&#8243; custom_margin=\u00bb-30px|||\u00bb][et_pb_column type=\u00bb4_4&#8243;][et_pb_divider _builder_version=\u00bb3.13.1&#8243; height=\u00bb1px\u00bb divider_position=\u00bbcenter\u00bb \/][\/et_pb_column][\/et_pb_row][et_pb_row][et_pb_column type=\u00bb1_5&#8243;][et_pb_blurb admin_label=\u00bb25 DIC (Anuncio)\u00bb _builder_version=\u00bb3.13.1&#8243; title=\u00bb25&#8243; use_icon=\u00bbon\u00bb font_icon=\u00bb%%128%%\u00bb icon_placement=\u00bbleft\u00bb header_text_align=\u00bbcenter\u00bb icon_font_size=\u00bb98px\u00bb header_font_size=\u00bb24&#8243;]<\/p>\n<p>\nDIC<\/p>\n<p>[\/et_pb_blurb][\/et_pb_column][et_pb_column type=\u00bb3_5&#8243;][et_pb_text _builder_version=\u00bb3.13.1&#8243;]<\/p>\n<h3>Natividad del Se\u00f1or<\/h3>\n<p>[\/et_pb_text][\/et_pb_column][et_pb_column type=\u00bb1_5&#8243;][\/et_pb_column][\/et_pb_row][et_pb_row _builder_version=\u00bb3.13.1&#8243; custom_margin=\u00bb-30px|||\u00bb][et_pb_column type=\u00bb4_4&#8243;][et_pb_divider _builder_version=\u00bb3.13.1&#8243; height=\u00bb1px\u00bb divider_position=\u00bbcenter\u00bb \/][\/et_pb_column][\/et_pb_row][et_pb_row][et_pb_column type=\u00bb1_5&#8243;][et_pb_blurb admin_label=\u00bb26 DIC (Anuncio)\u00bb _builder_version=\u00bb3.13.1&#8243; title=\u00bb26&#8243; use_icon=\u00bbon\u00bb font_icon=\u00bb%%128%%\u00bb icon_placement=\u00bbleft\u00bb header_text_align=\u00bbcenter\u00bb icon_font_size=\u00bb98px\u00bb header_font_size=\u00bb24&#8243;]<\/p>\n<p>\nDIC<\/p>\n<p>[\/et_pb_blurb][\/et_pb_column][et_pb_column type=\u00bb3_5&#8243;][et_pb_text _builder_version=\u00bb3.13.1&#8243;]<\/p>\n<h3>San Esteban, protom\u00e1rtir<\/h3>\n<p>[\/et_pb_text][\/et_pb_column][et_pb_column type=\u00bb1_5&#8243;][\/et_pb_column][\/et_pb_row][et_pb_row _builder_version=\u00bb3.13.1&#8243; custom_margin=\u00bb-30px|||\u00bb][et_pb_column type=\u00bb4_4&#8243;][et_pb_divider _builder_version=\u00bb3.13.1&#8243; height=\u00bb1px\u00bb divider_position=\u00bbcenter\u00bb \/][\/et_pb_column][\/et_pb_row][et_pb_row][et_pb_column type=\u00bb1_5&#8243;][et_pb_blurb admin_label=\u00bb30 DIC (Anuncio)\u00bb _builder_version=\u00bb3.13.1&#8243; title=\u00bb30&#8243; use_icon=\u00bbon\u00bb font_icon=\u00bb%%128%%\u00bb icon_placement=\u00bbleft\u00bb header_text_align=\u00bbcenter\u00bb icon_font_size=\u00bb98px\u00bb header_font_size=\u00bb24&#8243;]<\/p>\n<p>\nDIC<\/p>\n<p>[\/et_pb_blurb][\/et_pb_column][et_pb_column type=\u00bb3_5&#8243;][et_pb_text _builder_version=\u00bb3.13.1&#8243;]<\/p>\n<h3>La Sagrada Familia<\/h3>\n<p>[\/et_pb_text][\/et_pb_column][et_pb_column type=\u00bb1_5&#8243;][\/et_pb_column][\/et_pb_row][et_pb_row _builder_version=\u00bb3.18.7&#8243; disabled=\u00bbon\u00bb disabled_on=\u00bbon|on|on\u00bb global_module=\u00bb10777&#8243;][et_pb_column type=\u00bb1_6&#8243;][et_pb_button admin_label=\u00bbEnero (Bot\u00f3n)\u00bb global_parent=\u00bb10777&#8243; _builder_version=\u00bb3.18.7&#8243; button_text=\u00bbENERO\u00bb button_url=\u00bbhttps:\/\/www.salesianos.edu\/revistasmx\/santoral-salesianos-enero\/\u00bb \/][\/et_pb_column][et_pb_column type=\u00bb1_6&#8243;][et_pb_button admin_label=\u00bbFebrero (Bot\u00f3n)\u00bb global_parent=\u00bb10777&#8243; _builder_version=\u00bb3.18.7&#8243; button_text=\u00bbFEBRERO\u00bb button_url=\u00bbhttps:\/\/www.salesianos.edu\/revistasmx\/santoral-salesianos-febrero\/\u00bb \/][\/et_pb_column][et_pb_column type=\u00bb1_6&#8243;][\/et_pb_column][et_pb_column type=\u00bb1_6&#8243;][\/et_pb_column][et_pb_column type=\u00bb1_6&#8243;][et_pb_button admin_label=\u00bbNoviembre (Bot\u00f3n)\u00bb global_parent=\u00bb10777&#8243; _builder_version=\u00bb3.18.7&#8243; button_text=\u00bbNOVIEMBRE\u00bb button_url=\u00bbhttps:\/\/www.salesianos.edu\/revistasmx\/santoral-salesianos-noviembre\/\u00bb \/][\/et_pb_column][et_pb_column type=\u00bb1_6&#8243;][et_pb_button admin_label=\u00bbDiciembre (Bot\u00f3n)\u00bb global_parent=\u00bb10777&#8243; _builder_version=\u00bb3.18.7&#8243; button_text=\u00bbDICIEMBRE\u00bb button_url=\u00bbhttps:\/\/www.salesianos.edu\/revistasmx\/santoral-salesianos-diciembre\/\u00bb \/][\/et_pb_column][\/et_pb_row][\/et_pb_section]<\/p>\n","protected":false},"excerpt":{"rendered":"<p><div class=\"et_pb_row et_pb_row_0 et_pb_row_empty\">\n\t\t\t\t\n\t\t\t\t\n\t\t\t\t\n\t\t\t\t\n\t\t\t\t\n\t\t\t<\/div> Diciembre <div class=\"et_pb_row et_pb_row_1 et_pb_row_empty\">\n\t\t\t\t\n\t\t\t\t\n\t\t\t\t\n\t\t\t\t\n\t\t\t\t\n\t\t\t<\/div> DIC Primer domingo de Adviento. Comienzo del a\u00f1o lit\u00fargico. Ciclo A. <div class=\"et_pb_row et_pb_row_2 et_pb_row_empty\">\n\t\t\t\t\n\t\t\t\t\n\t\t\t\t\n\t\t\t\t\n\t\t\t\t\n\t\t\t<\/div> DIC Beato Felipe Rinaldi, sacerdote y fundador del Instituto secular de las Voluntarias de Don Bosco. <div class=\"et_pb_row et_pb_row_3 et_pb_row_empty\">\n\t\t\t\t\n\t\t\t\t\n\t\t\t\t\n\t\t\t\t\n\t\t\t\t\n\t\t\t<\/div> DIC Solemnidad de la Inmaculada Concepci\u00f3n de Mar\u00eda. <div class=\"et_pb_row et_pb_row_4 et_pb_row_empty\">\n\t\t\t\t\n\t\t\t\t\n\t\t\t\t\n\t\t\t\t\n\t\t\t\t\n\t\t\t<\/div> DIC Natividad del Se\u00f1or <div class=\"et_pb_row et_pb_row_5 et_pb_row_empty\">\n\t\t\t\t\n\t\t\t\t\n\t\t\t\t\n\t\t\t\t\n\t\t\t\t\n\t\t\t<\/div> DIC San Esteban, protom\u00e1rtir <div class=\"et_pb_row et_pb_row_6 et_pb_row_empty\">\n\t\t\t\t\n\t\t\t\t\n\t\t\t\t\n\t\t\t\t\n\t\t\t\t\n\t\t\t<\/div> DIC La Sagrada Familia<\/p>\n","protected":false},"author":2,"featured_media":0,"parent":0,"menu_order":0,"comment_status":"closed","ping_status":"closed","template":"","meta":{"_et_pb_use_builder":"on","_et_pb_old_content":"","_et_gb_content_width":"","footnotes":""},"class_list":["post-10073","page","type-page","status-publish","hentry"],"yoast_head":"<!-- This site is optimized with the Yoast SEO plugin v27.5 - https:\/\/yoast.com\/product\/yoast-seo-wordpress\/ -->\n<title>Santoral Salesianos \u2013 Diciembre - Revista SMX<\/title>\n<meta name=\"robots\" content=\"index, follow, max-snippet:-1, max-image-preview:large, max-video-preview:-1\" \/>\n<link rel=\"canonical\" href=\"https:\/\/www.salesianos.edu\/revistasmx\/santoral-salesianos-diciembre\/\" \/>\n<meta property=\"og:locale\" content=\"es_ES\" \/>\n<meta property=\"og:type\" content=\"article\" \/>\n<meta property=\"og:title\" content=\"Santoral Salesianos \u2013 Diciembre - Revista SMX\" \/>\n<meta property=\"og:description\" content=\"Titulo p\u00e1ginas Subtitulo 1 Lorem Ipsum es simplemente el texto de relleno de las imprentas y archivos de texto. Lorem Ipsum ha sido el texto de relleno est\u00e1ndar de las industrias desde el a\u00f1o 1500, cuando un impresor (N. del T. persona que se dedica a la imprenta) desconocido us\u00f3 una galer\u00eda de textos y [&hellip;]\" \/>\n<meta property=\"og:url\" content=\"https:\/\/www.salesianos.edu\/revistasmx\/santoral-salesianos-diciembre\/\" \/>\n<meta property=\"og:site_name\" content=\"Revista SMX\" \/>\n<meta property=\"article:modified_time\" content=\"2019-01-28T15:19:18+00:00\" \/>\n<meta name=\"twitter:card\" content=\"summary_large_image\" \/>\n<meta name=\"twitter:label1\" content=\"Tiempo de lectura\" \/>\n\t<meta name=\"twitter:data1\" content=\"5 minutos\" \/>\n<script type=\"application\/ld+json\" class=\"yoast-schema-graph\">{\"@context\":\"https:\\\/\\\/schema.org\",\"@graph\":[{\"@type\":\"WebPage\",\"@id\":\"https:\\\/\\\/www.salesianos.edu\\\/revistasmx\\\/santoral-salesianos-diciembre\\\/\",\"url\":\"https:\\\/\\\/www.salesianos.edu\\\/revistasmx\\\/santoral-salesianos-diciembre\\\/\",\"name\":\"Santoral Salesianos \u2013 Diciembre - Revista SMX\",\"isPartOf\":{\"@id\":\"https:\\\/\\\/www.salesianos.edu\\\/revistasmx\\\/#website\"},\"datePublished\":\"2018-11-28T14:38:42+00:00\",\"dateModified\":\"2019-01-28T15:19:18+00:00\",\"breadcrumb\":{\"@id\":\"https:\\\/\\\/www.salesianos.edu\\\/revistasmx\\\/santoral-salesianos-diciembre\\\/#breadcrumb\"},\"inLanguage\":\"es\",\"potentialAction\":[{\"@type\":\"ReadAction\",\"target\":[\"https:\\\/\\\/www.salesianos.edu\\\/revistasmx\\\/santoral-salesianos-diciembre\\\/\"]}]},{\"@type\":\"BreadcrumbList\",\"@id\":\"https:\\\/\\\/www.salesianos.edu\\\/revistasmx\\\/santoral-salesianos-diciembre\\\/#breadcrumb\",\"itemListElement\":[{\"@type\":\"ListItem\",\"position\":1,\"name\":\"Portada\",\"item\":\"https:\\\/\\\/www.salesianos.edu\\\/revistasmx\\\/\"},{\"@type\":\"ListItem\",\"position\":2,\"name\":\"Santoral Salesianos \u2013 Diciembre\"}]},{\"@type\":\"WebSite\",\"@id\":\"https:\\\/\\\/www.salesianos.edu\\\/revistasmx\\\/#website\",\"url\":\"https:\\\/\\\/www.salesianos.edu\\\/revistasmx\\\/\",\"name\":\"Revista SMX\",\"description\":\"P\u00e1gina oficial de Inspector\u00eda Salesiana Mar\u00eda Auxiliadora\",\"potentialAction\":[{\"@type\":\"SearchAction\",\"target\":{\"@type\":\"EntryPoint\",\"urlTemplate\":\"https:\\\/\\\/www.salesianos.edu\\\/revistasmx\\\/?s={search_term_string}\"},\"query-input\":{\"@type\":\"PropertyValueSpecification\",\"valueRequired\":true,\"valueName\":\"search_term_string\"}}],\"inLanguage\":\"es\"}]}<\/script>\n<!-- \/ Yoast SEO plugin. -->","yoast_head_json":{"title":"Santoral Salesianos \u2013 Diciembre - Revista SMX","robots":{"index":"index","follow":"follow","max-snippet":"max-snippet:-1","max-image-preview":"max-image-preview:large","max-video-preview":"max-video-preview:-1"},"canonical":"https:\/\/www.salesianos.edu\/revistasmx\/santoral-salesianos-diciembre\/","og_locale":"es_ES","og_type":"article","og_title":"Santoral Salesianos \u2013 Diciembre - Revista SMX","og_description":"Titulo p\u00e1ginas Subtitulo 1 Lorem Ipsum es simplemente el texto de relleno de las imprentas y archivos de texto. Lorem Ipsum ha sido el texto de relleno est\u00e1ndar de las industrias desde el a\u00f1o 1500, cuando un impresor (N. del T. persona que se dedica a la imprenta) desconocido us\u00f3 una galer\u00eda de textos y [&hellip;]","og_url":"https:\/\/www.salesianos.edu\/revistasmx\/santoral-salesianos-diciembre\/","og_site_name":"Revista SMX","article_modified_time":"2019-01-28T15:19:18+00:00","twitter_card":"summary_large_image","twitter_misc":{"Tiempo de lectura":"5 minutos"},"schema":{"@context":"https:\/\/schema.org","@graph":[{"@type":"WebPage","@id":"https:\/\/www.salesianos.edu\/revistasmx\/santoral-salesianos-diciembre\/","url":"https:\/\/www.salesianos.edu\/revistasmx\/santoral-salesianos-diciembre\/","name":"Santoral Salesianos \u2013 Diciembre - Revista SMX","isPartOf":{"@id":"https:\/\/www.salesianos.edu\/revistasmx\/#website"},"datePublished":"2018-11-28T14:38:42+00:00","dateModified":"2019-01-28T15:19:18+00:00","breadcrumb":{"@id":"https:\/\/www.salesianos.edu\/revistasmx\/santoral-salesianos-diciembre\/#breadcrumb"},"inLanguage":"es","potentialAction":[{"@type":"ReadAction","target":["https:\/\/www.salesianos.edu\/revistasmx\/santoral-salesianos-diciembre\/"]}]},{"@type":"BreadcrumbList","@id":"https:\/\/www.salesianos.edu\/revistasmx\/santoral-salesianos-diciembre\/#breadcrumb","itemListElement":[{"@type":"ListItem","position":1,"name":"Portada","item":"https:\/\/www.salesianos.edu\/revistasmx\/"},{"@type":"ListItem","position":2,"name":"Santoral Salesianos \u2013 Diciembre"}]},{"@type":"WebSite","@id":"https:\/\/www.salesianos.edu\/revistasmx\/#website","url":"https:\/\/www.salesianos.edu\/revistasmx\/","name":"Revista SMX","description":"P\u00e1gina oficial de Inspector\u00eda Salesiana Mar\u00eda Auxiliadora","potentialAction":[{"@type":"SearchAction","target":{"@type":"EntryPoint","urlTemplate":"https:\/\/www.salesianos.edu\/revistasmx\/?s={search_term_string}"},"query-input":{"@type":"PropertyValueSpecification","valueRequired":true,"valueName":"search_term_string"}}],"inLanguage":"es"}]}},"_links":{"self":[{"href":"https:\/\/www.salesianos.edu\/revistasmx\/wp-json\/wp\/v2\/pages\/10073","targetHints":{"allow":["GET"]}}],"collection":[{"href":"https:\/\/www.salesianos.edu\/revistasmx\/wp-json\/wp\/v2\/pages"}],"about":[{"href":"https:\/\/www.salesianos.edu\/revistasmx\/wp-json\/wp\/v2\/types\/page"}],"author":[{"embeddable":true,"href":"https:\/\/www.salesianos.edu\/revistasmx\/wp-json\/wp\/v2\/users\/2"}],"replies":[{"embeddable":true,"href":"https:\/\/www.salesianos.edu\/revistasmx\/wp-json\/wp\/v2\/comments?post=10073"}],"version-history":[{"count":5,"href":"https:\/\/www.salesianos.edu\/revistasmx\/wp-json\/wp\/v2\/pages\/10073\/revisions"}],"predecessor-version":[{"id":10812,"href":"https:\/\/www.salesianos.edu\/revistasmx\/wp-json\/wp\/v2\/pages\/10073\/revisions\/10812"}],"wp:attachment":[{"href":"https:\/\/www.salesianos.edu\/revistasmx\/wp-json\/wp\/v2\/media?parent=10073"}],"curies":[{"name":"wp","href":"https:\/\/api.w.org\/{rel}","templated":true}]}}