{"id":9401,"date":"2018-10-11T10:47:45","date_gmt":"2018-10-11T08:47:45","guid":{"rendered":"http:\/\/www.salesianos.edu\/revistasmx\/?page_id=9401"},"modified":"2018-11-12T18:29:32","modified_gmt":"2018-11-12T17:29:32","slug":"40-2","status":"publish","type":"page","link":"http:\/\/www.salesianos.edu\/revistasmx\/40-2\/","title":{"rendered":"40"},"content":{"rendered":"<div id=\"fb-root\"><\/div>\n<p>[et_pb_section bb_built=\u00bb1&#8243; specialty=\u00bbon\u00bb _builder_version=\u00bb3.13.1&#8243; background_image=\u00bbhttps:\/\/www.salesianos.edu\/revistasmx\/wp-content\/uploads\/sites\/8\/2018\/10\/portadaIMG_0277.jpg\u00bb next_background_color=\u00bb#ffffff\u00bb parallax=\u00bbon\u00bb][et_pb_column type=\u00bb1_2&#8243;][et_pb_blog _builder_version=\u00bb3.13.1&#8243; posts_number=\u00bb1&#8243; include_categories=\u00bb30&#8243; show_author=\u00bboff\u00bb show_date=\u00bboff\u00bb show_pagination=\u00bboff\u00bb use_overlay=\u00bbon\u00bb disabled=\u00bbon\u00bb disabled_on=\u00bbon|on|on\u00bb \/][et_pb_divider _builder_version=\u00bb3.13.1&#8243; show_divider=\u00bboff\u00bb height=\u00bb40px\u00bb \/][et_pb_post_slider _builder_version=\u00bb3.13.1&#8243; posts_number=\u00bb1&#8243; include_categories=\u00bb53&#8243; show_arrows=\u00bboff\u00bb show_pagination=\u00bboff\u00bb show_more_button=\u00bboff\u00bb show_meta=\u00bboff\u00bb image_placement=\u00bbtop\u00bb background_color=\u00bbrgba(255,255,255,0.06)\u00bb use_text_overlay=\u00bboff\u00bb text_orientation=\u00bbleft\u00bb background_layout=\u00bblight\u00bb body_line_height=\u00bb2em\u00bb header_text_color=\u00bb#b3343b\u00bb \/][\/et_pb_column][et_pb_column type=\u00bb1_2&#8243; specialty_columns=\u00bb2&#8243;][et_pb_row_inner admin_label=\u00bbFila\u00bb][et_pb_column_inner type=\u00bb1_2&#8243; saved_specialty_column_type=\u00bb1_2&#8243;][\/et_pb_column_inner][et_pb_column_inner type=\u00bb1_2&#8243; saved_specialty_column_type=\u00bb1_2&#8243;][et_pb_text admin_label=\u00bbEn Confianza (Texto)\u00bb _builder_version=\u00bb3.13.1&#8243; text_font=\u00bbLato|700|||||||\u00bb text_text_color=\u00bb#ffffff\u00bb background_color=\u00bb#b3343b\u00bb text_line_height=\u00bb1.4em\u00bb border_radii=\u00bb|18px|0px|0px|0px\u00bb text_text_shadow_vertical_length=\u00bb0.1em\u00bb text_text_shadow_blur_strength=\u00bb0.1em\u00bb custom_padding=\u00bb10px|||16px\u00bb]<\/p>\n<p>EN CONFIANZA<\/p>\n<p>[\/et_pb_text][\/et_pb_column_inner][\/et_pb_row_inner][et_pb_row_inner admin_label=\u00bbFila\u00bb][et_pb_column_inner type=\u00bb4_4&#8243; saved_specialty_column_type=\u00bb1_2&#8243;][et_pb_post_slider admin_label=\u00bbEn confianza (Post Slider)\u00bb _builder_version=\u00bb3.13.1&#8243; posts_number=\u00bb1&#8243; show_arrows=\u00bboff\u00bb show_pagination=\u00bboff\u00bb show_more_button=\u00bboff\u00bb show_meta=\u00bboff\u00bb image_placement=\u00bbleft\u00bb background_color=\u00bbrgba(255,255,255,0)\u00bb use_text_overlay=\u00bboff\u00bb text_orientation=\u00bbleft\u00bb background_layout=\u00bblight\u00bb module_id=\u00bbrevistaSMX_portada_superiorVertical\u00bb custom_padding=\u00bb20px||40px|10px\u00bb custom_margin=\u00bb-60px|||\u00bb include_categories=\u00bb32&#8243; header_text_color=\u00bb#b3343b\u00bb excerpt_length=\u00bb250&#8243; header_line_height=\u00bb1.2em\u00bb \/][\/et_pb_column_inner][et_pb_column_inner type=\u00bb4_4&#8243; saved_specialty_column_type=\u00bb1_2&#8243;][\/et_pb_column_inner][\/et_pb_row_inner][et_pb_row_inner admin_label=\u00bbFila\u00bb][et_pb_column_inner type=\u00bb1_2&#8243; saved_specialty_column_type=\u00bb1_2&#8243;][\/et_pb_column_inner][et_pb_column_inner type=\u00bb1_2&#8243; saved_specialty_column_type=\u00bb1_2&#8243;][et_pb_text admin_label=\u00bbEnfoque (Texto)\u00bb _builder_version=\u00bb3.13.1&#8243; text_font=\u00bbLato|700|||||||\u00bb text_text_color=\u00bb#ffffff\u00bb background_color=\u00bb#b3343b\u00bb text_line_height=\u00bb1.4em\u00bb border_radii=\u00bb|18px|0px|0px|0px\u00bb text_text_shadow_vertical_length=\u00bb0.1em\u00bb text_text_shadow_blur_strength=\u00bb0.1em\u00bb custom_padding=\u00bb10px|||16px\u00bb]<\/p>\n<p>ENFOQUE<\/p>\n<p>[\/et_pb_text][\/et_pb_column_inner][\/et_pb_row_inner][et_pb_row_inner admin_label=\u00bbFila\u00bb _builder_version=\u00bb3.11&#8243;][et_pb_column_inner type=\u00bb4_4&#8243; saved_specialty_column_type=\u00bb1_2&#8243;][et_pb_post_slider admin_label=\u00bbEnfoque (Post Slider)\u00bb _builder_version=\u00bb3.13.1&#8243; posts_number=\u00bb1&#8243; include_categories=\u00bb30&#8243; show_arrows=\u00bboff\u00bb show_pagination=\u00bboff\u00bb show_more_button=\u00bboff\u00bb show_meta=\u00bboff\u00bb image_placement=\u00bbright\u00bb background_color=\u00bbrgba(255,255,255,0)\u00bb use_text_overlay=\u00bboff\u00bb text_orientation=\u00bbjustified\u00bb background_layout=\u00bblight\u00bb module_id=\u00bbrevistaSMX_portada_superiorVertical\u00bb custom_margin=\u00bb-60px|||\u00bb custom_padding=\u00bb20px||40px|10px\u00bb header_text_color=\u00bb#b3343b\u00bb excerpt_length=\u00bb250&#8243; \/][\/et_pb_column_inner][\/et_pb_row_inner][\/et_pb_column][\/et_pb_section][et_pb_section bb_built=\u00bb1&#8243; specialty=\u00bboff\u00bb prev_background_color=\u00bb#000000&#8243; next_background_color=\u00bb#000000&#8243; _builder_version=\u00bb3.13.1&#8243; top_divider_style=\u00bbwave2&#8243; top_divider_color=\u00bb#b3343b\u00bb][et_pb_row][\/et_pb_row][\/et_pb_section][et_pb_section bb_built=\u00bb1&#8243; specialty=\u00bbon\u00bb prev_background_color=\u00bb#000000&#8243; next_background_color=\u00bb#000000&#8243; _builder_version=\u00bb3.11&#8243; top_divider_color=\u00bb#e02b20&#8243; bottom_divider_color=\u00bb#b5b5b5&#8243; bottom_divider_flip=\u00bbvertical\u00bb][et_pb_column type=\u00bb1_2&#8243;][et_pb_divider _builder_version=\u00bb3.8&#8243; show_divider=\u00bboff\u00bb height=\u00bb24px\u00bb disabled=\u00bboff\u00bb disabled_on=\u00bbon||\u00bb \/][et_pb_divider admin_label=\u00bbSmartphone (Separador)\u00bb _builder_version=\u00bb3.8&#8243; show_divider=\u00bboff\u00bb height=\u00bb35px\u00bb disabled=\u00bboff\u00bb disabled_on=\u00bb|on|on\u00bb \/][et_pb_blog admin_label=\u00bbPregunta-Respuesta (Blog)\u00bb _builder_version=\u00bb3.13.1&#8243; posts_number=\u00bb1&#8243; include_categories=\u00bb51&#8243; show_author=\u00bboff\u00bb show_date=\u00bboff\u00bb show_pagination=\u00bboff\u00bb header_text_color=\u00bb#b3343b\u00bb show_categories=\u00bboff\u00bb \/][\/et_pb_column][et_pb_column type=\u00bb1_2&#8243; specialty_columns=\u00bb2&#8243;][et_pb_row_inner admin_label=\u00bbFila\u00bb _builder_version=\u00bb3.11&#8243;][et_pb_column_inner type=\u00bb4_4&#8243; saved_specialty_column_type=\u00bb1_2&#8243;][et_pb_divider _builder_version=\u00bb3.8&#8243; show_divider=\u00bboff\u00bb height=\u00bb24px\u00bb disabled=\u00bboff\u00bb disabled_on=\u00bbon||\u00bb \/][et_pb_blog admin_label=\u00bbImagen Hist\u00f3rica (Blog)\u00bb _builder_version=\u00bb3.13.1&#8243; posts_number=\u00bb1&#8243; include_categories=\u00bb66&#8243; show_author=\u00bboff\u00bb show_date=\u00bboff\u00bb show_categories=\u00bboff\u00bb show_pagination=\u00bboff\u00bb header_text_color=\u00bb#b3343b\u00bb \/][\/et_pb_column_inner][\/et_pb_row_inner][\/et_pb_column][\/et_pb_section][et_pb_section bb_built=\u00bb1&#8243; specialty=\u00bboff\u00bb prev_background_color=\u00bb#000000&#8243; _builder_version=\u00bb3.13.1&#8243; top_divider_color=\u00bb#b5b5b5&#8243; bottom_divider_style=\u00bbwave2&#8243; bottom_divider_color=\u00bb#b5b5b5&#8243; bottom_divider_flip=\u00bbhorizontal|vertical\u00bb next_background_color=\u00bb#b5b5b5&#8243; disabled=\u00bboff\u00bb disabled_on=\u00bbon||\u00bb top_divider_flip=\u00bbvertical\u00bb custom_margin=\u00bb-120px|||\u00bb][et_pb_row _builder_version=\u00bb3.11&#8243;][et_pb_column type=\u00bb4_4&#8243;][et_pb_divider admin_label=\u00bbDivider onda (Separador)\u00bb _builder_version=\u00bb3.11&#8243; show_divider=\u00bboff\u00bb \/][\/et_pb_column][\/et_pb_row][\/et_pb_section][et_pb_section bb_built=\u00bb1&#8243; specialty=\u00bboff\u00bb prev_background_color=\u00bb#ffffff\u00bb next_background_color=\u00bb#ffffff\u00bb _builder_version=\u00bb3.11&#8243; background_color=\u00bb#b5b5b5&#8243;][et_pb_row _builder_version=\u00bb3.13.1&#8243; disabled=\u00bboff\u00bb disabled_on=\u00bbon||\u00bb][et_pb_column type=\u00bb1_4&#8243;][et_pb_text admin_label=\u00bbSomos Familia Salesiana (Texto)\u00bb _builder_version=\u00bb3.13.1&#8243; text_font=\u00bbLato|700|||||||\u00bb text_text_color=\u00bb#ffffff\u00bb background_color=\u00bb#b3343b\u00bb text_line_height=\u00bb1.4em\u00bb border_radii=\u00bb|0px|18px|0px|0px\u00bb text_text_shadow_vertical_length=\u00bb0.1em\u00bb text_text_shadow_blur_strength=\u00bb0.1em\u00bb custom_padding=\u00bb10px|||16px\u00bb]<\/p>\n<p>SOMOS FAMILIA SALESIANA<\/p>\n<p>[\/et_pb_text][\/et_pb_column][et_pb_column type=\u00bb1_4&#8243;][\/et_pb_column][et_pb_column type=\u00bb1_4&#8243;][\/et_pb_column][et_pb_column type=\u00bb1_4&#8243;][et_pb_text admin_label=\u00bbVen y Sigueme (Texto)\u00bb _builder_version=\u00bb3.13.1&#8243; text_font=\u00bbLato|700|||||||\u00bb text_text_color=\u00bb#ffffff\u00bb background_color=\u00bb#b3343b\u00bb text_line_height=\u00bb1.4em\u00bb border_radii=\u00bb|18px|0px|0px|0px\u00bb text_text_shadow_vertical_length=\u00bb0.1em\u00bb text_text_shadow_blur_strength=\u00bb0.1em\u00bb custom_padding=\u00bb10px|||16px\u00bb]<\/p>\n<p>VEN y SIGUEME<\/p>\n<p>[\/et_pb_text][\/et_pb_column][\/et_pb_row][et_pb_row _builder_version=\u00bb3.13.1&#8243; disabled=\u00bboff\u00bb disabled_on=\u00bbon||\u00bb][et_pb_column type=\u00bb1_2&#8243;][et_pb_post_slider admin_label=\u00bbSomos Familia (Post Slider)\u00bb _builder_version=\u00bb3.13.1&#8243; posts_number=\u00bb1&#8243; include_categories=\u00bb156&#8243; show_arrows=\u00bboff\u00bb show_pagination=\u00bboff\u00bb show_more_button=\u00bboff\u00bb show_meta=\u00bboff\u00bb image_placement=\u00bbleft\u00bb background_color=\u00bb#ffffff\u00bb use_text_overlay=\u00bboff\u00bb text_orientation=\u00bbleft\u00bb background_layout=\u00bblight\u00bb module_id=\u00bbrevistaSMX_portada_superiorVertical\u00bb custom_margin=\u00bb-60px|||\u00bb custom_padding=\u00bb30px||40px|10px\u00bb header_text_color=\u00bb#b3343b\u00bb \/][\/et_pb_column][et_pb_column type=\u00bb1_2&#8243;][et_pb_post_slider admin_label=\u00bbVen y Sigueme (Post Slider)\u00bb _builder_version=\u00bb3.13.1&#8243; posts_number=\u00bb1&#8243; include_categories=\u00bb142&#8243; show_arrows=\u00bboff\u00bb show_pagination=\u00bboff\u00bb show_more_button=\u00bboff\u00bb show_meta=\u00bboff\u00bb image_placement=\u00bbleft\u00bb background_color=\u00bb#ffffff\u00bb use_text_overlay=\u00bboff\u00bb text_orientation=\u00bbleft\u00bb background_layout=\u00bblight\u00bb module_id=\u00bbrevistaSMX_portada_superiorVertical\u00bb custom_padding=\u00bb30px||40px|10px\u00bb custom_margin=\u00bb-60px|||\u00bb header_text_color=\u00bb#b3343b\u00bb \/][\/et_pb_column][\/et_pb_row][et_pb_row _builder_version=\u00bb3.13.1&#8243; disabled=\u00bboff\u00bb disabled_on=\u00bb|on|on\u00bb][et_pb_column type=\u00bb1_2&#8243;][et_pb_text admin_label=\u00bbSomos Familia Salesiana (Texto)\u00bb _builder_version=\u00bb3.13.1&#8243; text_font=\u00bbLato|700|||||||\u00bb text_text_color=\u00bb#ffffff\u00bb background_color=\u00bb#b3343b\u00bb text_line_height=\u00bb1.4em\u00bb border_radii=\u00bb|18px|18px|0px|0px\u00bb text_text_shadow_vertical_length=\u00bb0.1em\u00bb text_text_shadow_blur_strength=\u00bb0.1em\u00bb custom_padding=\u00bb10px|||16px\u00bb]<\/p>\n<p>SOMOS FAMILIA SALESIANA<\/p>\n<p>[\/et_pb_text][et_pb_post_slider admin_label=\u00bbSomos Familia (Post Slider)\u00bb _builder_version=\u00bb3.13.1&#8243; posts_number=\u00bb1&#8243; show_arrows=\u00bboff\u00bb show_pagination=\u00bboff\u00bb show_more_button=\u00bboff\u00bb show_meta=\u00bboff\u00bb image_placement=\u00bbleft\u00bb background_color=\u00bb#ffffff\u00bb use_text_overlay=\u00bboff\u00bb text_orientation=\u00bbleft\u00bb background_layout=\u00bblight\u00bb module_id=\u00bbrevistaSMX_portada_superiorVertical\u00bb custom_padding=\u00bb30px||40px|10px\u00bb header_text_color=\u00bb#b3343b\u00bb include_categories=\u00bb130&#8243; custom_margin=\u00bb-30px|||\u00bb \/][\/et_pb_column][et_pb_column type=\u00bb1_2&#8243;][et_pb_text admin_label=\u00bbVen y Sigueme (Texto)\u00bb _builder_version=\u00bb3.13.1&#8243; text_font=\u00bbLato|700|||||||\u00bb text_text_color=\u00bb#ffffff\u00bb background_color=\u00bb#b3343b\u00bb text_line_height=\u00bb1.4em\u00bb border_radii=\u00bb|18px|18px|0px|0px\u00bb text_text_shadow_vertical_length=\u00bb0.1em\u00bb text_text_shadow_blur_strength=\u00bb0.1em\u00bb custom_padding=\u00bb10px|||16px\u00bb]<\/p>\n<p>VEN y SIGUEME<\/p>\n<p>[\/et_pb_text][et_pb_post_slider admin_label=\u00bbVen y Sigueme (Post Slider)\u00bb _builder_version=\u00bb3.13.1&#8243; posts_number=\u00bb1&#8243; include_categories=\u00bb134&#8243; show_arrows=\u00bboff\u00bb show_pagination=\u00bboff\u00bb show_more_button=\u00bboff\u00bb show_meta=\u00bboff\u00bb image_placement=\u00bbleft\u00bb background_color=\u00bb#ffffff\u00bb use_text_overlay=\u00bboff\u00bb text_orientation=\u00bbleft\u00bb background_layout=\u00bblight\u00bb module_id=\u00bbrevistaSMX_portada_superiorVertical\u00bb custom_padding=\u00bb30px||40px|10px\u00bb custom_margin=\u00bb-30px|||\u00bb header_text_color=\u00bb#b3343b\u00bb \/][\/et_pb_column][\/et_pb_row][\/et_pb_section][et_pb_section bb_built=\u00bb1&#8243; specialty=\u00bboff\u00bb prev_background_color=\u00bb#b5b5b5&#8243; _builder_version=\u00bb3.11&#8243; top_divider_color=\u00bb#b5b5b5&#8243; bottom_divider_color=\u00bb#b5b5b5&#8243; bottom_divider_flip=\u00bbhorizontal\u00bb next_background_color=\u00bb#000000&#8243; disabled=\u00bboff\u00bb disabled_on=\u00bbon||\u00bb top_divider_style=\u00bbwave2&#8243;][et_pb_row][et_pb_column type=\u00bb4_4&#8243;][et_pb_divider admin_label=\u00bbDivider onda (Separador)\u00bb _builder_version=\u00bb3.11&#8243; show_divider=\u00bboff\u00bb \/][\/et_pb_column][\/et_pb_row][\/et_pb_section][et_pb_section bb_built=\u00bb1&#8243; specialty=\u00bboff\u00bb prev_background_color=\u00bb#000000&#8243; next_background_color=\u00bb#000000&#8243; _builder_version=\u00bb3.11&#8243; top_divider_color=\u00bb#b5b5b5&#8243; top_divider_flip=\u00bbhorizontal\u00bb][et_pb_row _builder_version=\u00bb3.11&#8243; disabled=\u00bbon\u00bb disabled_on=\u00bbon|on|on\u00bb][et_pb_column type=\u00bb4_4&#8243;][et_pb_divider _builder_version=\u00bb3.8&#8243; color=\u00bb#ffffff\u00bb divider_weight=\u00bb10&#8243; show_divider=\u00bboff\u00bb \/][\/et_pb_column][\/et_pb_row][et_pb_row _builder_version=\u00bb3.8&#8243;][et_pb_column type=\u00bb1_3&#8243;][et_pb_text admin_label=\u00bbRese\u00f1a (Texto)\u00bb _builder_version=\u00bb3.13.1&#8243; text_font=\u00bbLato|700|||||||\u00bb text_text_color=\u00bb#ffffff\u00bb background_color=\u00bb#b3343b\u00bb text_line_height=\u00bb1.4em\u00bb border_radii=\u00bb|24px|24px|0px|0px\u00bb text_text_shadow_vertical_length=\u00bb0.1em\u00bb text_text_shadow_blur_strength=\u00bb0.1em\u00bb custom_padding=\u00bb10px|||16px\u00bb]<\/p>\n<p>RESE\u00d1A<\/p>\n<p>[\/et_pb_text][et_pb_blog admin_label=\u00bbRese\u00f1a (Blog)\u00bb _builder_version=\u00bb3.13.1&#8243; posts_number=\u00bb1&#8243; include_categories=\u00bb59&#8243; fullwidth=\u00bboff\u00bb show_author=\u00bboff\u00bb show_date=\u00bboff\u00bb show_pagination=\u00bboff\u00bb module_id=\u00bbrevistaSMX_portada_inferior\u00bb show_categories=\u00bboff\u00bb custom_margin=\u00bb-14px|||\u00bb \/][\/et_pb_column][et_pb_column type=\u00bb1_3&#8243;][et_pb_text admin_label=\u00bbLas 24 de (Texto)\u00bb _builder_version=\u00bb3.13.1&#8243; text_font=\u00bbLato|700|||||||\u00bb text_text_color=\u00bb#ffffff\u00bb background_color=\u00bb#b3343b\u00bb text_line_height=\u00bb1.4em\u00bb border_radii=\u00bb|24px|24px|0px|0px\u00bb text_text_shadow_vertical_length=\u00bb0.1em\u00bb text_text_shadow_blur_strength=\u00bb0.1em\u00bb custom_padding=\u00bb10px|||16px\u00bb]<\/p>\n<p>LAS 24 DE<\/p>\n<p>[\/et_pb_text][et_pb_blog admin_label=\u00bbLas 24 smx (Blog)\u00bb _builder_version=\u00bb3.13.1&#8243; posts_number=\u00bb1&#8243; include_categories=\u00bb55&#8243; fullwidth=\u00bboff\u00bb show_author=\u00bboff\u00bb show_date=\u00bboff\u00bb show_pagination=\u00bboff\u00bb module_id=\u00bbrevistaSMX_portada_inferior\u00bb show_categories=\u00bboff\u00bb custom_margin=\u00bb-14px|||\u00bb \/][\/et_pb_column][et_pb_column type=\u00bb1_3&#8243;][et_pb_text admin_label=\u00bbIn Memoriam (Texto)\u00bb _builder_version=\u00bb3.13.1&#8243; text_font=\u00bbLato|700|||||||\u00bb text_text_color=\u00bb#ffffff\u00bb background_color=\u00bb#b3343b\u00bb text_line_height=\u00bb1.4em\u00bb border_radii=\u00bb|24px|24px|0px|0px\u00bb text_text_shadow_vertical_length=\u00bb0.1em\u00bb text_text_shadow_blur_strength=\u00bb0.1em\u00bb custom_padding=\u00bb10px|||16px\u00bb]<\/p>\n<p>IN MEMORIAM<\/p>\n<p>[\/et_pb_text][et_pb_post_slider admin_label=\u00bbIn memoriam (Post Slider)\u00bb _builder_version=\u00bb3.13.1&#8243; posts_number=\u00bb4&#8243; include_categories=\u00bb57&#8243; use_text_overlay=\u00bboff\u00bb excerpt_length=\u00bb200&#8243; use_bg_overlay=\u00bboff\u00bb more_text=\u00bbLeer m\u00e1s\u00bb show_more_button=\u00bboff\u00bb show_meta=\u00bboff\u00bb image_placement=\u00bbtop\u00bb show_pagination=\u00bboff\u00bb auto=\u00bbon\u00bb module_id=\u00bbrevistaSMX_portada_sliderInferior\u00bb custom_margin=\u00bb-20px|||\u00bb disabled=\u00bboff\u00bb disabled_on=\u00bbon||\u00bb background_color=\u00bb#b3343b\u00bb \/][et_pb_post_slider admin_label=\u00bbSmartphone In memoriam (Post Slider)\u00bb _builder_version=\u00bb3.8&#8243; posts_number=\u00bb2&#8243; include_categories=\u00bb44&#8243; use_text_overlay=\u00bboff\u00bb excerpt_length=\u00bb200&#8243; use_bg_overlay=\u00bboff\u00bb more_text=\u00bbLeer m\u00e1s\u00bb show_more_button=\u00bboff\u00bb show_meta=\u00bboff\u00bb show_pagination=\u00bboff\u00bb auto=\u00bbon\u00bb module_id=\u00bbrevistaSMX_portada_sliderInferior\u00bb custom_margin=\u00bb-20px|||\u00bb disabled=\u00bboff\u00bb disabled_on=\u00bb|on|on\u00bb \/][\/et_pb_column][\/et_pb_row][\/et_pb_section][et_pb_section bb_built=\u00bb1&#8243; specialty=\u00bboff\u00bb prev_background_color=\u00bb#000000&#8243; _builder_version=\u00bb3.8&#8243; top_divider_color=\u00bb#e02b20&#8243; bottom_divider_style=\u00bbwave2&#8243; bottom_divider_color=\u00bb#b5b5b5&#8243; bottom_divider_flip=\u00bbhorizontal\u00bb next_background_color=\u00bb#b5b5b5&#8243; disabled=\u00bboff\u00bb disabled_on=\u00bbon||\u00bb][et_pb_row][et_pb_column type=\u00bb4_4&#8243;][et_pb_divider _builder_version=\u00bb3.13.1&#8243; show_divider=\u00bboff\u00bb height=\u00bb12px\u00bb \/][\/et_pb_column][\/et_pb_row][\/et_pb_section][et_pb_section bb_built=\u00bb1&#8243; specialty=\u00bboff\u00bb prev_background_color=\u00bb#ffffff\u00bb _builder_version=\u00bb3.8&#8243; top_divider_style=\u00bbwave\u00bb top_divider_color=\u00bb#b5b5b5&#8243; bottom_divider_style=\u00bbwave\u00bb bottom_divider_color=\u00bb#b5b5b5&#8243; background_color=\u00bb#b5b5b5&#8243;][et_pb_row _builder_version=\u00bb3.8&#8243; background_color=\u00bb#b5b5b5&#8243;][et_pb_column type=\u00bb2_3&#8243;][et_pb_image admin_label=\u00bbDestacado 1 (Imagen)\u00bb _builder_version=\u00bb3.13.1&#8243; src=\u00bbhttps:\/\/www.salesianos.edu\/revistasmx\/wp-content\/uploads\/sites\/8\/2018\/10\/BannerProgramacionSMX1819.png\u00bb url=\u00bbhttps:\/\/salesianos.edu\/Archivos\/Recursos\/ProgrSMX201819_v7_web.pdf\u00bb url_new_window=\u00bbon\u00bb \/][\/et_pb_column][et_pb_column type=\u00bb1_3&#8243;][et_pb_image admin_label=\u00bbDestacado 2 (Imagen)\u00bb _builder_version=\u00bb3.13.1&#8243; src=\u00bbhttps:\/\/www.salesianos.edu\/revistasmx\/wp-content\/uploads\/sites\/8\/2018\/03\/TiempoInterior.jpg\u00bb url=\u00bbhttps:\/\/www.salesianos.edu\/Contenidos\/779\/1\/0\/1\/Tiempo-Interior\u00bb url_new_window=\u00bbon\u00bb \/][et_pb_image admin_label=\u00bbDestacado 3 (Imagen)\u00bb _builder_version=\u00bb3.13.1&#8243; src=\u00bbhttps:\/\/www.salesianos.edu\/revistasmx\/wp-content\/uploads\/sites\/8\/2018\/10\/banner-adelante.jpg\u00bb url=\u00bbhttp:\/\/nohaysue\u00f1osimposibles.org\/\u00bb url_new_window=\u00bbon\u00bb \/][\/et_pb_column][\/et_pb_row][\/et_pb_section]<\/p>\n","protected":false},"excerpt":{"rendered":"<p>EN CONFIANZA ENFOQUE <div class=\"et_pb_row et_pb_row_0 et_pb_row_empty\">\n\t\t\t\t\n\t\t\t\t\n\t\t\t\t\n\t\t\t\t\n\t\t\t\t\n\t\t\t<\/div> SOMOS FAMILIA SALESIANA VEN y SIGUEME SOMOS FAMILIA SALESIANA VEN y SIGUEME <div class=\"et_pb_row et_pb_row_1 et_pb_row_empty\">\n\t\t\t\t\n\t\t\t\t\n\t\t\t\t\n\t\t\t\t\n\t\t\t\t\n\t\t\t<\/div> RESE\u00d1A LAS 24 DE IN MEMORIAM <div class=\"et_pb_row et_pb_row_2 et_pb_row_empty\">\n\t\t\t\t\n\t\t\t\t\n\t\t\t\t\n\t\t\t\t\n\t\t\t\t\n\t\t\t<\/div><\/p>\n","protected":false},"author":2,"featured_media":0,"parent":0,"menu_order":0,"comment_status":"closed","ping_status":"closed","template":"","meta":{"_et_pb_use_builder":"on","_et_pb_old_content":"","_et_gb_content_width":"","footnotes":""},"class_list":["post-9401","page","type-page","status-publish","hentry"],"yoast_head":"<!-- This site is optimized with the Yoast SEO plugin v27.5 - https:\/\/yoast.com\/product\/yoast-seo-wordpress\/ -->\n<title>40 - Revista SMX<\/title>\n<meta name=\"robots\" content=\"index, follow, max-snippet:-1, max-image-preview:large, max-video-preview:-1\" \/>\n<link rel=\"canonical\" href=\"http:\/\/www.salesianos.edu\/revistasmx\/40-2\/\" \/>\n<meta property=\"og:locale\" content=\"es_ES\" \/>\n<meta property=\"og:type\" content=\"article\" \/>\n<meta property=\"og:title\" content=\"40 - Revista SMX\" \/>\n<meta property=\"og:description\" content=\"Titulo p\u00e1ginas Subtitulo 1 Lorem Ipsum es simplemente el texto de relleno de las imprentas y archivos de texto. Lorem Ipsum ha sido el texto de relleno est\u00e1ndar de las industrias desde el a\u00f1o 1500, cuando un impresor (N. del T. persona que se dedica a la imprenta) desconocido us\u00f3 una galer\u00eda de textos y [&hellip;]\" \/>\n<meta property=\"og:url\" content=\"http:\/\/www.salesianos.edu\/revistasmx\/40-2\/\" \/>\n<meta property=\"og:site_name\" content=\"Revista SMX\" \/>\n<meta property=\"article:modified_time\" content=\"2018-11-12T17:29:32+00:00\" \/>\n<meta name=\"twitter:card\" content=\"summary_large_image\" \/>\n<meta name=\"twitter:label1\" content=\"Tiempo de lectura\" \/>\n\t<meta name=\"twitter:data1\" content=\"11 minutos\" \/>\n<script type=\"application\/ld+json\" class=\"yoast-schema-graph\">{\"@context\":\"https:\\\/\\\/schema.org\",\"@graph\":[{\"@type\":\"WebPage\",\"@id\":\"http:\\\/\\\/www.salesianos.edu\\\/revistasmx\\\/40-2\\\/\",\"url\":\"http:\\\/\\\/www.salesianos.edu\\\/revistasmx\\\/40-2\\\/\",\"name\":\"40 - Revista SMX\",\"isPartOf\":{\"@id\":\"http:\\\/\\\/www.salesianos.edu\\\/revistasmx\\\/#website\"},\"datePublished\":\"2018-10-11T08:47:45+00:00\",\"dateModified\":\"2018-11-12T17:29:32+00:00\",\"breadcrumb\":{\"@id\":\"http:\\\/\\\/www.salesianos.edu\\\/revistasmx\\\/40-2\\\/#breadcrumb\"},\"inLanguage\":\"es\",\"potentialAction\":[{\"@type\":\"ReadAction\",\"target\":[\"http:\\\/\\\/www.salesianos.edu\\\/revistasmx\\\/40-2\\\/\"]}]},{\"@type\":\"BreadcrumbList\",\"@id\":\"http:\\\/\\\/www.salesianos.edu\\\/revistasmx\\\/40-2\\\/#breadcrumb\",\"itemListElement\":[{\"@type\":\"ListItem\",\"position\":1,\"name\":\"Portada\",\"item\":\"http:\\\/\\\/www.salesianos.edu\\\/revistasmx\\\/\"},{\"@type\":\"ListItem\",\"position\":2,\"name\":\"40\"}]},{\"@type\":\"WebSite\",\"@id\":\"http:\\\/\\\/www.salesianos.edu\\\/revistasmx\\\/#website\",\"url\":\"http:\\\/\\\/www.salesianos.edu\\\/revistasmx\\\/\",\"name\":\"Revista SMX\",\"description\":\"P\u00e1gina oficial de Inspector\u00eda Salesiana Mar\u00eda Auxiliadora\",\"potentialAction\":[{\"@type\":\"SearchAction\",\"target\":{\"@type\":\"EntryPoint\",\"urlTemplate\":\"http:\\\/\\\/www.salesianos.edu\\\/revistasmx\\\/?s={search_term_string}\"},\"query-input\":{\"@type\":\"PropertyValueSpecification\",\"valueRequired\":true,\"valueName\":\"search_term_string\"}}],\"inLanguage\":\"es\"}]}<\/script>\n<!-- \/ Yoast SEO plugin. -->","yoast_head_json":{"title":"40 - Revista SMX","robots":{"index":"index","follow":"follow","max-snippet":"max-snippet:-1","max-image-preview":"max-image-preview:large","max-video-preview":"max-video-preview:-1"},"canonical":"http:\/\/www.salesianos.edu\/revistasmx\/40-2\/","og_locale":"es_ES","og_type":"article","og_title":"40 - Revista SMX","og_description":"Titulo p\u00e1ginas Subtitulo 1 Lorem Ipsum es simplemente el texto de relleno de las imprentas y archivos de texto. Lorem Ipsum ha sido el texto de relleno est\u00e1ndar de las industrias desde el a\u00f1o 1500, cuando un impresor (N. del T. persona que se dedica a la imprenta) desconocido us\u00f3 una galer\u00eda de textos y [&hellip;]","og_url":"http:\/\/www.salesianos.edu\/revistasmx\/40-2\/","og_site_name":"Revista SMX","article_modified_time":"2018-11-12T17:29:32+00:00","twitter_card":"summary_large_image","twitter_misc":{"Tiempo de lectura":"11 minutos"},"schema":{"@context":"https:\/\/schema.org","@graph":[{"@type":"WebPage","@id":"http:\/\/www.salesianos.edu\/revistasmx\/40-2\/","url":"http:\/\/www.salesianos.edu\/revistasmx\/40-2\/","name":"40 - Revista SMX","isPartOf":{"@id":"http:\/\/www.salesianos.edu\/revistasmx\/#website"},"datePublished":"2018-10-11T08:47:45+00:00","dateModified":"2018-11-12T17:29:32+00:00","breadcrumb":{"@id":"http:\/\/www.salesianos.edu\/revistasmx\/40-2\/#breadcrumb"},"inLanguage":"es","potentialAction":[{"@type":"ReadAction","target":["http:\/\/www.salesianos.edu\/revistasmx\/40-2\/"]}]},{"@type":"BreadcrumbList","@id":"http:\/\/www.salesianos.edu\/revistasmx\/40-2\/#breadcrumb","itemListElement":[{"@type":"ListItem","position":1,"name":"Portada","item":"http:\/\/www.salesianos.edu\/revistasmx\/"},{"@type":"ListItem","position":2,"name":"40"}]},{"@type":"WebSite","@id":"http:\/\/www.salesianos.edu\/revistasmx\/#website","url":"http:\/\/www.salesianos.edu\/revistasmx\/","name":"Revista SMX","description":"P\u00e1gina oficial de Inspector\u00eda Salesiana Mar\u00eda Auxiliadora","potentialAction":[{"@type":"SearchAction","target":{"@type":"EntryPoint","urlTemplate":"http:\/\/www.salesianos.edu\/revistasmx\/?s={search_term_string}"},"query-input":{"@type":"PropertyValueSpecification","valueRequired":true,"valueName":"search_term_string"}}],"inLanguage":"es"}]}},"_links":{"self":[{"href":"http:\/\/www.salesianos.edu\/revistasmx\/wp-json\/wp\/v2\/pages\/9401","targetHints":{"allow":["GET"]}}],"collection":[{"href":"http:\/\/www.salesianos.edu\/revistasmx\/wp-json\/wp\/v2\/pages"}],"about":[{"href":"http:\/\/www.salesianos.edu\/revistasmx\/wp-json\/wp\/v2\/types\/page"}],"author":[{"embeddable":true,"href":"http:\/\/www.salesianos.edu\/revistasmx\/wp-json\/wp\/v2\/users\/2"}],"replies":[{"embeddable":true,"href":"http:\/\/www.salesianos.edu\/revistasmx\/wp-json\/wp\/v2\/comments?post=9401"}],"version-history":[{"count":12,"href":"http:\/\/www.salesianos.edu\/revistasmx\/wp-json\/wp\/v2\/pages\/9401\/revisions"}],"predecessor-version":[{"id":9775,"href":"http:\/\/www.salesianos.edu\/revistasmx\/wp-json\/wp\/v2\/pages\/9401\/revisions\/9775"}],"wp:attachment":[{"href":"http:\/\/www.salesianos.edu\/revistasmx\/wp-json\/wp\/v2\/media?parent=9401"}],"curies":[{"name":"wp","href":"https:\/\/api.w.org\/{rel}","templated":true}]}}