{"id":8393,"date":"2018-07-20T13:50:05","date_gmt":"2018-07-20T11:50:05","guid":{"rendered":"http:\/\/www.salesianos.edu\/revistasmx\/?page_id=8393"},"modified":"2018-11-08T14:28:38","modified_gmt":"2018-11-08T13:28:38","slug":"enfoque","status":"publish","type":"page","link":"http:\/\/www.salesianos.edu\/revistasmx\/enfoque\/","title":{"rendered":"Enfoque"},"content":{"rendered":"<div id=\"fb-root\"><\/div>\n<p>[et_pb_section bb_built=\u00bb1&#8243; fullwidth=\u00bbon\u00bb specialty=\u00bboff\u00bb next_background_color=\u00bb#000000&#8243; _builder_version=\u00bb3.13.1&#8243; top_divider_color=\u00bb#e02b20&#8243; top_divider_flip=\u00bbvertical\u00bb][et_pb_fullwidth_header _builder_version=\u00bb3.13.1&#8243; title=\u00bbEnfoque\u00bb title_text_align=\u00bbright\u00bb custom_padding=\u00bb-25px||-25px|\u00bb background_color=\u00bb#ffffff\u00bb background_layout=\u00bblight\u00bb title_text_color=\u00bb#ffffff\u00bb background_image=\u00bbhttps:\/\/www.salesianos.edu\/revistasmx\/wp-content\/uploads\/sites\/8\/2018\/10\/SMX_Cabeceras_web_rojo.jpg\u00bb module_class=\u00bbpagina-imagen-cabecera\u00bb \/][\/et_pb_section][et_pb_section bb_built=\u00bb1&#8243; fullwidth=\u00bbon\u00bb specialty=\u00bboff\u00bb next_background_color=\u00bb#000000&#8243; _builder_version=\u00bb3.8&#8243; disabled=\u00bboff\u00bb disabled_on=\u00bbon||\u00bb prev_background_color=\u00bb#000000&#8243;][et_pb_fullwidth_post_slider _builder_version=\u00bb3.13.1&#8243; posts_number=\u00bb1&#8243; include_categories=\u00bb30&#8243; show_arrows=\u00bboff\u00bb show_pagination=\u00bboff\u00bb show_more_button=\u00bboff\u00bb show_meta=\u00bboff\u00bb image_placement=\u00bbleft\u00bb background_color=\u00bb#ffffff\u00bb use_text_overlay=\u00bboff\u00bb text_orientation=\u00bbleft\u00bb header_font=\u00bbLato|700|||||||\u00bb body_line_height=\u00bb1.6em\u00bb \/][\/et_pb_section][et_pb_section bb_built=\u00bb1&#8243; prev_background_color=\u00bb#000000&#8243;][et_pb_row _builder_version=\u00bb3.13.1&#8243; disabled=\u00bboff\u00bb disabled_on=\u00bbon||\u00bb][et_pb_column type=\u00bb4_4&#8243;][et_pb_text _builder_version=\u00bb3.13.1&#8243; text_font=\u00bbLato|700|||||||\u00bb text_text_color=\u00bb#b3343b\u00bb text_font_size=\u00bb18px\u00bb disabled=\u00bboff\u00bb disabled_on=\u00bbon||\u00bb]<\/p>\n<p>En n\u00fameros anteriores<\/p>\n<p>[\/et_pb_text][et_pb_blog _builder_version=\u00bb3.13.1&#8243; include_categories=\u00bb30&#8243; show_author=\u00bboff\u00bb fullwidth=\u00bboff\u00bb text_orientation=\u00bbjustified\u00bb posts_number=\u00bb9&#8243; offset_number=\u00bb1&#8243; \/][\/et_pb_column][\/et_pb_row][et_pb_row _builder_version=\u00bb3.13.1&#8243; disabled=\u00bboff\u00bb disabled_on=\u00bb|on|on\u00bb][et_pb_column type=\u00bb4_4&#8243;][et_pb_blog admin_label=\u00bbMovil (Blog)\u00bb _builder_version=\u00bb3.13.1&#8243; include_categories=\u00bb30&#8243; show_author=\u00bboff\u00bb fullwidth=\u00bboff\u00bb text_orientation=\u00bbjustified\u00bb posts_number=\u00bb9&#8243; \/][\/et_pb_column][\/et_pb_row][\/et_pb_section]<\/p>\n","protected":false},"excerpt":{"rendered":"<p>En n\u00fameros anteriores<\/p>\n","protected":false},"author":2,"featured_media":0,"parent":0,"menu_order":0,"comment_status":"closed","ping_status":"closed","template":"","meta":{"_et_pb_use_builder":"on","_et_pb_old_content":"","_et_gb_content_width":"","footnotes":""},"class_list":["post-8393","page","type-page","status-publish","hentry"],"yoast_head":"<!-- This site is optimized with the Yoast SEO plugin v27.5 - https:\/\/yoast.com\/product\/yoast-seo-wordpress\/ -->\n<title>Enfoque - Revista SMX<\/title>\n<meta name=\"robots\" content=\"index, follow, max-snippet:-1, max-image-preview:large, max-video-preview:-1\" \/>\n<link rel=\"canonical\" href=\"http:\/\/www.salesianos.edu\/revistasmx\/enfoque\/\" \/>\n<meta property=\"og:locale\" content=\"es_ES\" \/>\n<meta property=\"og:type\" content=\"article\" \/>\n<meta property=\"og:title\" content=\"Enfoque - Revista SMX\" \/>\n<meta property=\"og:description\" content=\"Titulo p\u00e1ginas Subtitulo 1 Lorem Ipsum es simplemente el texto de relleno de las imprentas y archivos de texto. Lorem Ipsum ha sido el texto de relleno est\u00e1ndar de las industrias desde el a\u00f1o 1500, cuando un impresor (N. del T. persona que se dedica a la imprenta) desconocido us\u00f3 una galer\u00eda de textos y [&hellip;]\" \/>\n<meta property=\"og:url\" content=\"http:\/\/www.salesianos.edu\/revistasmx\/enfoque\/\" \/>\n<meta property=\"og:site_name\" content=\"Revista SMX\" \/>\n<meta property=\"article:modified_time\" content=\"2018-11-08T13:28:38+00:00\" \/>\n<meta name=\"twitter:card\" content=\"summary_large_image\" \/>\n<meta name=\"twitter:label1\" content=\"Tiempo de lectura\" \/>\n\t<meta name=\"twitter:data1\" content=\"1 minuto\" \/>\n<script type=\"application\/ld+json\" class=\"yoast-schema-graph\">{\"@context\":\"https:\\\/\\\/schema.org\",\"@graph\":[{\"@type\":\"WebPage\",\"@id\":\"http:\\\/\\\/www.salesianos.edu\\\/revistasmx\\\/enfoque\\\/\",\"url\":\"http:\\\/\\\/www.salesianos.edu\\\/revistasmx\\\/enfoque\\\/\",\"name\":\"Enfoque - Revista SMX\",\"isPartOf\":{\"@id\":\"http:\\\/\\\/www.salesianos.edu\\\/revistasmx\\\/#website\"},\"datePublished\":\"2018-07-20T11:50:05+00:00\",\"dateModified\":\"2018-11-08T13:28:38+00:00\",\"breadcrumb\":{\"@id\":\"http:\\\/\\\/www.salesianos.edu\\\/revistasmx\\\/enfoque\\\/#breadcrumb\"},\"inLanguage\":\"es\",\"potentialAction\":[{\"@type\":\"ReadAction\",\"target\":[\"http:\\\/\\\/www.salesianos.edu\\\/revistasmx\\\/enfoque\\\/\"]}]},{\"@type\":\"BreadcrumbList\",\"@id\":\"http:\\\/\\\/www.salesianos.edu\\\/revistasmx\\\/enfoque\\\/#breadcrumb\",\"itemListElement\":[{\"@type\":\"ListItem\",\"position\":1,\"name\":\"Portada\",\"item\":\"https:\\\/\\\/www.salesianos.edu\\\/revistasmx\\\/\"},{\"@type\":\"ListItem\",\"position\":2,\"name\":\"Enfoque\"}]},{\"@type\":\"WebSite\",\"@id\":\"http:\\\/\\\/www.salesianos.edu\\\/revistasmx\\\/#website\",\"url\":\"http:\\\/\\\/www.salesianos.edu\\\/revistasmx\\\/\",\"name\":\"Revista SMX\",\"description\":\"P\u00e1gina oficial de Inspector\u00eda Salesiana Mar\u00eda Auxiliadora\",\"potentialAction\":[{\"@type\":\"SearchAction\",\"target\":{\"@type\":\"EntryPoint\",\"urlTemplate\":\"http:\\\/\\\/www.salesianos.edu\\\/revistasmx\\\/?s={search_term_string}\"},\"query-input\":{\"@type\":\"PropertyValueSpecification\",\"valueRequired\":true,\"valueName\":\"search_term_string\"}}],\"inLanguage\":\"es\"}]}<\/script>\n<!-- \/ Yoast SEO plugin. -->","yoast_head_json":{"title":"Enfoque - Revista SMX","robots":{"index":"index","follow":"follow","max-snippet":"max-snippet:-1","max-image-preview":"max-image-preview:large","max-video-preview":"max-video-preview:-1"},"canonical":"http:\/\/www.salesianos.edu\/revistasmx\/enfoque\/","og_locale":"es_ES","og_type":"article","og_title":"Enfoque - Revista SMX","og_description":"Titulo p\u00e1ginas Subtitulo 1 Lorem Ipsum es simplemente el texto de relleno de las imprentas y archivos de texto. Lorem Ipsum ha sido el texto de relleno est\u00e1ndar de las industrias desde el a\u00f1o 1500, cuando un impresor (N. del T. persona que se dedica a la imprenta) desconocido us\u00f3 una galer\u00eda de textos y [&hellip;]","og_url":"http:\/\/www.salesianos.edu\/revistasmx\/enfoque\/","og_site_name":"Revista SMX","article_modified_time":"2018-11-08T13:28:38+00:00","twitter_card":"summary_large_image","twitter_misc":{"Tiempo de lectura":"1 minuto"},"schema":{"@context":"https:\/\/schema.org","@graph":[{"@type":"WebPage","@id":"http:\/\/www.salesianos.edu\/revistasmx\/enfoque\/","url":"http:\/\/www.salesianos.edu\/revistasmx\/enfoque\/","name":"Enfoque - Revista SMX","isPartOf":{"@id":"http:\/\/www.salesianos.edu\/revistasmx\/#website"},"datePublished":"2018-07-20T11:50:05+00:00","dateModified":"2018-11-08T13:28:38+00:00","breadcrumb":{"@id":"http:\/\/www.salesianos.edu\/revistasmx\/enfoque\/#breadcrumb"},"inLanguage":"es","potentialAction":[{"@type":"ReadAction","target":["http:\/\/www.salesianos.edu\/revistasmx\/enfoque\/"]}]},{"@type":"BreadcrumbList","@id":"http:\/\/www.salesianos.edu\/revistasmx\/enfoque\/#breadcrumb","itemListElement":[{"@type":"ListItem","position":1,"name":"Portada","item":"https:\/\/www.salesianos.edu\/revistasmx\/"},{"@type":"ListItem","position":2,"name":"Enfoque"}]},{"@type":"WebSite","@id":"http:\/\/www.salesianos.edu\/revistasmx\/#website","url":"http:\/\/www.salesianos.edu\/revistasmx\/","name":"Revista SMX","description":"P\u00e1gina oficial de Inspector\u00eda Salesiana Mar\u00eda Auxiliadora","potentialAction":[{"@type":"SearchAction","target":{"@type":"EntryPoint","urlTemplate":"http:\/\/www.salesianos.edu\/revistasmx\/?s={search_term_string}"},"query-input":{"@type":"PropertyValueSpecification","valueRequired":true,"valueName":"search_term_string"}}],"inLanguage":"es"}]}},"_links":{"self":[{"href":"http:\/\/www.salesianos.edu\/revistasmx\/wp-json\/wp\/v2\/pages\/8393","targetHints":{"allow":["GET"]}}],"collection":[{"href":"http:\/\/www.salesianos.edu\/revistasmx\/wp-json\/wp\/v2\/pages"}],"about":[{"href":"http:\/\/www.salesianos.edu\/revistasmx\/wp-json\/wp\/v2\/types\/page"}],"author":[{"embeddable":true,"href":"http:\/\/www.salesianos.edu\/revistasmx\/wp-json\/wp\/v2\/users\/2"}],"replies":[{"embeddable":true,"href":"http:\/\/www.salesianos.edu\/revistasmx\/wp-json\/wp\/v2\/comments?post=8393"}],"version-history":[{"count":39,"href":"http:\/\/www.salesianos.edu\/revistasmx\/wp-json\/wp\/v2\/pages\/8393\/revisions"}],"predecessor-version":[{"id":9709,"href":"http:\/\/www.salesianos.edu\/revistasmx\/wp-json\/wp\/v2\/pages\/8393\/revisions\/9709"}],"wp:attachment":[{"href":"http:\/\/www.salesianos.edu\/revistasmx\/wp-json\/wp\/v2\/media?parent=8393"}],"curies":[{"name":"wp","href":"https:\/\/api.w.org\/{rel}","templated":true}]}}